{"id":553,"date":"2023-08-17T14:04:09","date_gmt":"2023-08-17T18:04:09","guid":{"rendered":"https:\/\/tohauxiliary.ca\/how-we-make-a-difference\/"},"modified":"2025-07-02T21:45:24","modified_gmt":"2025-07-03T01:45:24","slug":"comment-nous-faisons-une-difference","status":"publish","type":"page","link":"https:\/\/tohauxiliary.ca\/fr\/comment-nous-faisons-une-difference\/","title":{"rendered":"Programmes sp\u00e9ciaux"},"content":{"rendered":"    <div data-aos-delay=\"500\" data-aos-duration=\"1000\" data-aos=\"fade\" style=\"background-image:url(https:\/\/tohauxiliary.ca\/wp-content\/uploads\/2023\/08\/service.png);\" class=\"toha-hero alignfull wp-block-acf-toha-hero\">\n        <div class=\"container\">\n                            <div class=\"toha-hero__content\">\n                    <h1 class=\"toha-hero__heading\">Programmes sp\u00e9ciaux<\/h1>\n                <\/div>\n                \n                    <\/div>\n    <\/div>\n\n\n\n<div style=\"height:100px\" aria-hidden=\"true\" class=\"wp-block-spacer\"><\/div>\n\n\n\n<h2 class=\"wp-block-heading has-blue-color has-text-color\"><strong>Soutien des patients du Centre de r\u00e9adaptation<\/strong><\/h2>\n\n\n\n<p>Ce programme permet d\u2019offrir un financement de dernier recours dans le cadre de demandes m\u00e9dicales urgentes dans l\u2019objectif d\u2019aider \u00e0 am\u00e9liorer la qualit\u00e9 de vie de patients du Centre de r\u00e9adaptation. Pour en savoir plus sur ce programme, y compris les fa\u00e7ons de le soutenir, consultez la <a href=\"https:\/\/tohauxiliary.ca\/fr\/soutien-des-patients-du-centre-de-readaptation\/\">page Web qui y est consacr\u00e9e<\/a>.<\/p>\n\n\n\n<h2 class=\"wp-block-heading has-blue-color has-text-color\"><strong>Armoire de d\u00e9pannage<\/strong><\/h2>\n\n\n\n<p>Ce programme permet d\u2019offrir des v\u00eatements \u00e0 des patients en situation de d\u00e9tresse pour faciliter leur d\u00e9part de l\u2019h\u00f4pital dans la dignit\u00e9. Pour en savoir plus sur ce programme, y compris les fa\u00e7ons de le soutenir, consultez la <a href=\"https:\/\/tohauxiliary.ca\/fr\/armoire-de-depannage\/\">page Web qui y est consacr\u00e9e<\/a>.<\/p>\n\n\n\n<h2 class=\"wp-block-heading has-blue-color has-text-color\"><strong>Articles de layette<\/strong><\/h2>\n\n\n\n<p>Ce programme permet de donner des fournitures aux m\u00e8res de nouveau-n\u00e9s qui ont besoin de soutien. Pour en savoir plus sur ce programme, y compris les fa\u00e7ons de le soutenir, consultez la <a href=\"https:\/\/tohauxiliary.ca\/fr\/articles-de-layette\/\">page Web qui y est consacr\u00e9e<\/a>.<\/p>\n\n\n\n<h2 class=\"wp-block-heading has-blue-color has-text-color\"><strong>Articles de toilette<\/strong><\/h2>\n\n\n\n<p>Ce programme permet de donner un coup de main en fournissant des articles de toilette essentiels pendant des moments difficiles \u00e0 des patients qui manquent de soutien familial ou de moyens financiers. Pour en savoir plus sur ce programme, y compris les fa\u00e7ons de le soutenir, consultez la <a href=\"https:\/\/tohauxiliary.ca\/fr\/articles-de-toilette\/\">page Web qui y est consacr\u00e9e<\/a>.<\/p>\n\n\n\n<h2 class=\"wp-block-heading has-blue-color has-text-color\"><strong>Fonds d\u2019urgence D<sup>re<\/sup> Elianna Saidenberg pour les patients<\/strong><\/h2>\n\n\n\n<p>Les Auxiliaires versent une contribution financi\u00e8re \u00e0 la Fondation Elianna Saidenberg qui est administr\u00e9e par les Services psychosociaux. Le Fonds d\u2019urgence vient en aide \u00e0 des patients vuln\u00e9rables en r\u00e9pondant \u00e0 un large \u00e9ventail de besoins avec compassion, en les aidant pendant leur r\u00e9tablissement et en facilitant leur cong\u00e9 de l\u2019h\u00f4pital. En plus de r\u00e9pondre aux besoins de ces patients, ces efforts lib\u00e8rent des lits pour d\u2019autres patients.<\/p>\n\n\n\n<h2 class=\"wp-block-heading has-blue-color has-text-color\"><strong>\u00c9quipement m\u00e9dical<\/strong><\/h2>\n\n\n\n<p>Fournir un acc\u00e8s facile \u00e0 de l\u2019\u00e9quipement m\u00e9dical, comme des marchettes, par le biais de la Boutique des Auxiliaires, pour faciliter le cong\u00e9 des patients, en offrant un prix sp\u00e9cial aux patients dans le besoin en collaboration avec les Services psychosociaux.<\/p>\n\n\n\n<h2 class=\"wp-block-heading has-blue-color has-text-color\">Bourses<\/h2>\n\n\n\n<p>En suivant un processus de demande, le personnel de soins infirmiers peut recevoir des bourses pour poursuivre des \u00e9tudes dans ce domaine. Des bourses sont accord\u00e9es chaque ann\u00e9e.<\/p>\n\n\n\n<hr class=\"wp-block-separator has-alpha-channel-opacity\"\/>\n\n\n\n<h2 class=\"wp-block-heading has-blue-color has-text-color\">Vous souhaitez soutenir notre travail?<\/h2>\n\n\n\n<p>Aidez-nous \u00e0 r\u00e9aliser notre mission, qui consiste \u00e0 soutenir les patients et le personnel de L\u2019H\u00f4pital d\u2019Ottawa gr\u00e2ce \u00e0 nos programmes essentiels.<\/p>\n\n\n\n<p>Peu importe le montant de votre contribution, votre g\u00e9n\u00e9rosit\u00e9 joue un r\u00f4le cl\u00e9 dans la mise en \u0153uvre de ces programmes. Il y a plusieurs moyens pratiques de donner pour appuyer notre travail\u00a0: versez un don via transfert \u00e9lectronique, par ch\u00e8que ou sur la plateforme s\u00e9curis\u00e9e\u00a0<a href=\"https:\/\/www.canadahelps.org\/fr\/organismesdebienfaisance\/the-ottawa-civic-hospital-auxiliary\/\" target=\"_blank\" rel=\"noreferrer noopener\">CanaDon<\/a>. Si vous pr\u00e9f\u00e9rez \u00e9changer avec quelqu\u2019un ou si vous avez besoin d\u2019aide pour faire un don, n\u2019h\u00e9sitez pas \u00e0 nous \u00e9crire \u00e0 <a href=\"mailto:info@tohauxiliary.ca\">info@tohauxiliary.ca<\/a>. Nous vous accompagnerons avec plaisir au fil des \u00e9tapes \u00e0 suivre.<\/p>\n\n\n\n<p>Ensemble, nous pouvons cr\u00e9er des ondes de compassion et de bienveillance qui se propageront dans l\u2019ensemble de notre collectivit\u00e9. &nbsp;<\/p>\n\n\n\n<hr class=\"wp-block-separator has-alpha-channel-opacity\"\/>\n\n\n\n<p><\/p>\n\n\n\n<p><script id=\"ch_cdn_embed\" type=\"text\/javascript\" src=\"https:\/\/www.canadahelps.org\/secure\/js\/cdf_embed.2.js\" charSet=\"utf-8\" data-language=\"fr\" data-page-id=\"94412\" data-root-url=\"https:\/\/www.canadahelps.org\" data-formtype=\"0\" data-cfasync=\"false\"><\/script><\/p>\n","protected":false},"excerpt":{"rendered":"<p>Soutien des patients du Centre de r\u00e9adaptation Ce programme permet d\u2019offrir un financement de dernier recours dans le cadre de demandes m\u00e9dicales urgentes dans l\u2019objectif d\u2019aider \u00e0 am\u00e9liorer la qualit\u00e9 de vie de patients du Centre de r\u00e9adaptation. Pour en savoir plus sur ce programme, y compris les fa\u00e7ons de le soutenir, consultez la page<\/p>\n","protected":false},"author":4,"featured_media":0,"parent":0,"menu_order":0,"comment_status":"closed","ping_status":"closed","template":"","meta":{"_acf_changed":false,"footnotes":""},"class_list":["post-553","page","type-page","status-publish","hentry"],"acf":[],"_links":{"self":[{"href":"https:\/\/tohauxiliary.ca\/fr\/wp-json\/wp\/v2\/pages\/553","targetHints":{"allow":["GET"]}}],"collection":[{"href":"https:\/\/tohauxiliary.ca\/fr\/wp-json\/wp\/v2\/pages"}],"about":[{"href":"https:\/\/tohauxiliary.ca\/fr\/wp-json\/wp\/v2\/types\/page"}],"author":[{"embeddable":true,"href":"https:\/\/tohauxiliary.ca\/fr\/wp-json\/wp\/v2\/users\/4"}],"replies":[{"embeddable":true,"href":"https:\/\/tohauxiliary.ca\/fr\/wp-json\/wp\/v2\/comments?post=553"}],"version-history":[{"count":12,"href":"https:\/\/tohauxiliary.ca\/fr\/wp-json\/wp\/v2\/pages\/553\/revisions"}],"predecessor-version":[{"id":1114,"href":"https:\/\/tohauxiliary.ca\/fr\/wp-json\/wp\/v2\/pages\/553\/revisions\/1114"}],"wp:attachment":[{"href":"https:\/\/tohauxiliary.ca\/fr\/wp-json\/wp\/v2\/media?parent=553"}],"curies":[{"name":"wp","href":"https:\/\/api.w.org\/{rel}","templated":true}]}}