{"id":247,"date":"2023-03-21T07:38:38","date_gmt":"2023-03-21T11:38:38","guid":{"rendered":"https:\/\/tohauxiliary.ca\/about-toha\/"},"modified":"2026-03-20T12:19:32","modified_gmt":"2026-03-20T16:19:32","slug":"a-propos-de-toha","status":"publish","type":"page","link":"https:\/\/tohauxiliary.ca\/fr\/a-propos-de-toha\/","title":{"rendered":"Au sujet des auxiliaires"},"content":{"rendered":"    <div data-aos-delay=\"500\" data-aos-duration=\"950\" data-aos=\"fade\" style=\"background-image:url(https:\/\/tohauxiliary.ca\/wp-content\/uploads\/2023\/03\/Elderly-Patient-Nurse.png);\" class=\"toha-hero alignfull wp-block-acf-toha-hero\">\n        <div class=\"container\">\n                            <div class=\"toha-hero__content\">\n                    <h1 class=\"toha-hero__heading\">Au sujet des auxiliaires<\/h1>\n                <\/div>\n                \n                    <\/div>\n    <\/div>\n\n\n\n<div style=\"height:100px\" aria-hidden=\"true\" class=\"wp-block-spacer\"><\/div>\n\n\n\n<h2 class=\"wp-block-heading has-blue-color has-text-color\">Qui sont les Auxiliaires de L\u2019H\u00f4pital d\u2019Ottawa?<\/h2>\n\n\n\n<p>Les Auxiliaires de L\u2019H\u00f4pital d\u2019Ottawa sont un organisme sans but lucratif dirig\u00e9 par des b\u00e9n\u00e9voles et recueillant des fonds par l\u2019entremise de boutiques, de magasins de d\u00e9tail et d\u2019autres initiatives de financement et remettent leurs recettes \u00e0 l\u2019H\u00f4pital pour soutenir les soins aux patients et la communaut\u00e9 hospitali\u00e8re.<\/p>\n\n\n\n<p>En juillet 2021, les Auxiliaires du Campus Civic (fond\u00e9s en 1952), Les Amis de L\u2019H\u00f4pital d\u2019Ottawa \u2013 Campus G\u00e9n\u00e9ral (fond\u00e9s en 1980) et les Auxiliaires du Campus Riverside (fond\u00e9s en 1967) ont fusionn\u00e9 pour donner naissance aux Auxiliaires de L\u2019H\u00f4pital d\u2019Ottawa. En avril&nbsp;2025, l\u2019Association des b\u00e9n\u00e9voles du Centre de r\u00e9adaptation (fond\u00e9e en 1982) s\u2019est jointe aux Auxiliaires de L\u2019H\u00f4pital d\u2019Ottawa. Les Auxiliaires de L\u2019H\u00f4pital d\u2019Ottawa apportent d\u00e9sormais leur soutien aux quatre campus de L\u2019H\u00f4pital d\u2019Ottawa.<\/p>\n\n\n\n<p>Les Auxiliaires sont maintenant \u00ab&nbsp;pr\u00e9sents sur le terrain&nbsp;\u00bb et plus solides et efficaces que jamais. La fusion a raviv\u00e9 le d\u00e9sir de r\u00e9agir, d\u2019intervenir et de r\u00e9pondre aux besoins de l\u2019H\u00f4pital et des patients.<\/p>\n\n\n\n<h3 class=\"wp-block-heading has-blue-color has-text-color\">Plus de 16&nbsp;M$ donn\u00e9s \u00e0 L\u2019H\u00f4pital d\u2019Ottawa<\/h3>\n\n\n\n<p>Depuis 2011, les Auxiliaires ont donn\u00e9 plus de 16&nbsp;000&nbsp;000&nbsp;$ \u00e0 L\u2019H\u00f4pital d\u2019Ottawa de diverses fa\u00e7ons, notamment par l\u2019achat d\u2019importants appareils m\u00e9dicaux et d\u2019\u00e9quipements de nature g\u00e9n\u00e9rale, l\u2019offre de services de soutien aux patients, la remise de bourses de formation au formidable personnel infirmier et l\u2019octroi de subventions \u00e0 des programmes de recherche.<\/p>\n\n\n\n<p>Les Auxiliaires amassent des fonds de fa\u00e7ons tout aussi diversifi\u00e9es&nbsp;: plusieurs boutiques de cadeaux tenues par des b\u00e9n\u00e9voles et des employ\u00e9s des Auxiliaires, un magasin de fournitures m\u00e9dicales ax\u00e9 sur les besoins des patients, un programme de location de tire-lait, un programme de location de tables pour les marchands de la collectivit\u00e9, la vente d\u2019\u0153uvres d\u2019art et d\u2019autres initiatives novatrices de collecte de fonds dans les campus de l\u2019H\u00f4pital.<\/p>\n\n\n\n<p>Nous avons aussi uni nos forces \u00e0 celles des b\u00e9n\u00e9voles du Centre de r\u00e9adaptation, ce qui nous am\u00e8nera \u00e0 r\u00e9aliser des activit\u00e9s de financement dans la collectivit\u00e9 pour soutenir les patients de ce centre.<\/p>\n\n\n\n<div style=\"height:100px\" aria-hidden=\"true\" class=\"wp-block-spacer\"><\/div>\n\n\n<div data-aos-delay=\"500\" data-aos-duration=\"1000\" data-aos=\"fade-up\" style=\"padding-right:0px;padding-bottom:50px;padding-left:0px;padding-top:72px;\" class=\"toha-section alignfull wp-block-acf-toha-section has-text-color has-white-color has-background has-blue-background-color\">\n    <div class=\"container\">\n        <div class=\"acf-innerblocks-container\">\n\n<div class=\"wp-block-columns is-layout-flex wp-container-core-columns-is-layout-9d6595d7 wp-block-columns-is-layout-flex\">\n<div class=\"wp-block-column is-layout-flow wp-block-column-is-layout-flow\">\n<h2 class=\"wp-block-heading\">Notre mission<\/h2>\n\n\n\n<p>Aider L\u2019H\u00f4pital d\u2019Ottawa \u00e0 offrir des soins de sant\u00e9 de calibre mondial \u00e0 notre collectivit\u00e9 gr\u00e2ce \u00e0 des initiatives de collecte de fonds novatrices, ainsi que par le soutien des services essentiels aux patients, l\u2019acquisition d\u2019\u00e9quipements vitaux, et le financement de programmes d\u2019enseignement et de recherche.<\/p>\n<\/div>\n\n\n\n<div class=\"wp-block-column is-layout-flow wp-block-column-is-layout-flow\" style=\"flex-basis:3%\"><\/div>\n\n\n\n<div class=\"wp-block-column is-layout-flow wp-block-column-is-layout-flow\">\n<h2 class=\"wp-block-heading\">Notre vision<\/h2>\n\n\n\n<p>Faire une diff\u00e9rence positive aupr\u00e8s des patients de L\u2019H\u00f4pital d\u2019Ottawa et de l\u2019ensemble du milieu hospitalier.<\/p>\n<\/div>\n<\/div>\n\n<\/div>\n    <\/div>\n<\/div>\n\n<div class=\"toha-section align wp-block-acf-toha-section\">\n    <div class=\"container\">\n        <div class=\"acf-innerblocks-container\">\n\n<h2 class=\"wp-block-heading has-text-align-center has-blue-color has-text-color has-montserrat-font-family has-xlarge-font-size\" style=\"font-style:normal;font-weight:500\">Conseil d&rsquo;administration<\/h2>\n\n\n\n<div style=\"height:22px\" aria-hidden=\"true\" class=\"wp-block-spacer\"><\/div>\n\n\n            <div class=\"toha-bod wp-block-acf-toha-board-of-directors\">\n            <div class=\"row\">\n                                                        <div class=\"col-sm-6 col-md-4 col-lg-3 d-flex toha-bod__block-wrapper\">\n                                                    <span class=\"toha-bod__block\">\n                                                        <img decoding=\"async\" src=\"https:\/\/tohauxiliary.ca\/wp-content\/uploads\/2023\/03\/catherine.png\" alt=\"Catherine Higgens profile\" class=\"toha-bod__block-image\">\n                                <span class=\"toha-bod__block-name\">Catherine Higgens<\/span>\n                                <span class=\"toha-bod__block-position\">Pr\u00e9sident<\/span>\n                                                    <\/span>\n                                            <\/div>\n                                                        <div class=\"col-sm-6 col-md-4 col-lg-3 d-flex toha-bod__block-wrapper\">\n                                                    <span class=\"toha-bod__block\">\n                                                        <img decoding=\"async\" src=\"https:\/\/tohauxiliary.ca\/wp-content\/uploads\/2023\/11\/T-Murphy_1-297x300.jpg\" alt=\"Tracy Murphy profile\" class=\"toha-bod__block-image\">\n                                <span class=\"toha-bod__block-name\">Tracy Murphy<\/span>\n                                <span class=\"toha-bod__block-position\">Vice-pr\u00e9sident, B\u00e9n\u00e9voles<\/span>\n                                                    <\/span>\n                                            <\/div>\n                                                        <div class=\"col-sm-6 col-md-4 col-lg-3 d-flex toha-bod__block-wrapper\">\n                                                    <span class=\"toha-bod__block\">\n                                                        <img decoding=\"async\" src=\"https:\/\/tohauxiliary.ca\/wp-content\/uploads\/2024\/09\/Dominique-Jones-200x300.png\" alt=\"Dominique Jones profile\" class=\"toha-bod__block-image\">\n                                <span class=\"toha-bod__block-name\">Dominique Jones<\/span>\n                                <span class=\"toha-bod__block-position\">Ressources humaines<\/span>\n                                                    <\/span>\n                                            <\/div>\n                                                        <div class=\"col-sm-6 col-md-4 col-lg-3 d-flex toha-bod__block-wrapper\">\n                                                    <span class=\"toha-bod__block\">\n                                                        <img decoding=\"async\" src=\"https:\/\/tohauxiliary.ca\/wp-content\/uploads\/2025\/06\/Photo-Coming-Soon-300x300.jpg\" alt=\"Melanie Tod profile\" class=\"toha-bod__block-image\">\n                                <span class=\"toha-bod__block-name\">Melanie Tod<\/span>\n                                <span class=\"toha-bod__block-position\">Volunteer Engagement<\/span>\n                                                    <\/span>\n                                            <\/div>\n                                                        <div class=\"col-sm-6 col-md-4 col-lg-3 d-flex toha-bod__block-wrapper\">\n                                                    <span class=\"toha-bod__block\">\n                                                        <img decoding=\"async\" src=\"https:\/\/tohauxiliary.ca\/wp-content\/uploads\/2025\/06\/Photo-Coming-Soon-300x300.jpg\" alt=\"Tony Manconi profile\" class=\"toha-bod__block-image\">\n                                <span class=\"toha-bod__block-name\">Tony Manconi<\/span>\n                                <span class=\"toha-bod__block-position\">Finances<\/span>\n                                                    <\/span>\n                                            <\/div>\n                                                        <div class=\"col-sm-6 col-md-4 col-lg-3 d-flex toha-bod__block-wrapper\">\n                                                    <span class=\"toha-bod__block\">\n                                                        <img decoding=\"async\" src=\"https:\/\/tohauxiliary.ca\/wp-content\/uploads\/2025\/06\/Photo-Coming-Soon-300x300.jpg\" alt=\"Chris Wilson profile\" class=\"toha-bod__block-image\">\n                                <span class=\"toha-bod__block-name\">Chris Wilson<\/span>\n                                <span class=\"toha-bod__block-position\">Secr\u00e9taire du Conseil<\/span>\n                                                    <\/span>\n                                            <\/div>\n                                                        <div class=\"col-sm-6 col-md-4 col-lg-3 d-flex toha-bod__block-wrapper\">\n                                                    <span class=\"toha-bod__block\">\n                                                        <img decoding=\"async\" src=\"https:\/\/tohauxiliary.ca\/wp-content\/uploads\/2025\/06\/Photo-Coming-Soon-300x300.jpg\" alt=\"Kanika Gupta profile\" class=\"toha-bod__block-image\">\n                                <span class=\"toha-bod__block-name\">Kanika Gupta<\/span>\n                                <span class=\"toha-bod__block-position\">Visibility &#038; Communications<\/span>\n                                                    <\/span>\n                                            <\/div>\n                                                        <div class=\"col-sm-6 col-md-4 col-lg-3 d-flex toha-bod__block-wrapper\">\n                                                    <span class=\"toha-bod__block\">\n                                                        <img decoding=\"async\" src=\"https:\/\/tohauxiliary.ca\/wp-content\/uploads\/2025\/05\/Tatyana-Loerffler-Vulpe-300x300.jpg\" alt=\"Tatyana Loerffler-Vulpe profile\" class=\"toha-bod__block-image\">\n                                <span class=\"toha-bod__block-name\">Tatyana Loerffler-Vulpe<\/span>\n                                <span class=\"toha-bod__block-position\">Financement du Centre de r\u00e9adaptation<\/span>\n                                                    <\/span>\n                                            <\/div>\n                                                        <div class=\"col-sm-6 col-md-4 col-lg-3 d-flex toha-bod__block-wrapper\">\n                                                    <span class=\"toha-bod__block\">\n                                                        <img decoding=\"async\" src=\"https:\/\/tohauxiliary.ca\/wp-content\/uploads\/2025\/05\/Amin-Zahrai-264x300.jpg\" alt=\"Amin Zahrai profile\" class=\"toha-bod__block-image\">\n                                <span class=\"toha-bod__block-name\">Amin Zahrai<\/span>\n                                <span class=\"toha-bod__block-position\">Programme de soutien des patients du Centre de r\u00e9adaptation<\/span>\n                                                    <\/span>\n                                            <\/div>\n                                                        <div class=\"col-sm-6 col-md-4 col-lg-3 d-flex toha-bod__block-wrapper\">\n                                                    <span class=\"toha-bod__block\">\n                                                        <img decoding=\"async\" src=\"https:\/\/tohauxiliary.ca\/wp-content\/uploads\/2023\/03\/Lorne.png\" alt=\"Lorne Blackman profile\" class=\"toha-bod__block-image\">\n                                <span class=\"toha-bod__block-name\">Lorne Blackman<\/span>\n                                <span class=\"toha-bod__block-position\">D\u00e9veloppement des affaires<\/span>\n                                                    <\/span>\n                                            <\/div>\n                                                        <div class=\"col-sm-6 col-md-4 col-lg-3 d-flex toha-bod__block-wrapper\">\n                                                    <span class=\"toha-bod__block\">\n                                                        <img decoding=\"async\" src=\"https:\/\/tohauxiliary.ca\/wp-content\/uploads\/2023\/11\/faduma_1-300x300.jpg\" alt=\"Faduma Wais profile\" class=\"toha-bod__block-image\">\n                                <span class=\"toha-bod__block-name\">Faduma Wais<\/span>\n                                <span class=\"toha-bod__block-position\">Adh\u00e9sion<\/span>\n                                                    <\/span>\n                                            <\/div>\n                            <\/div>\n        <\/div>\n    \n<\/div>\n    <\/div>\n<\/div>\n\n<div class=\"toha-section align wp-block-acf-toha-section\">\n    <div class=\"container\">\n        <div class=\"acf-innerblocks-container\">\n\n<h2 class=\"wp-block-heading has-text-align-center has-blue-color has-text-color has-montserrat-font-family has-xlarge-font-size\" style=\"font-style:normal;font-weight:500\">\u00c9quipe<\/h2>\n\n\n\n<div style=\"height:22px\" aria-hidden=\"true\" class=\"wp-block-spacer\"><\/div>\n\n\n            <div class=\"toha-bod wp-block-acf-toha-board-of-directors\">\n            <div class=\"row\">\n                                                        <div class=\"col-sm-6 col-md-4 col-lg-3 d-flex toha-bod__block-wrapper\">\n                                                    <span class=\"toha-bod__block\">\n                                                        <img decoding=\"async\" src=\"https:\/\/tohauxiliary.ca\/wp-content\/uploads\/2025\/03\/Krista-Peters-GS-LITE-300x300.jpg\" alt=\"Krista Peters profile\" class=\"toha-bod__block-image\">\n                                <span class=\"toha-bod__block-name\">Krista Peters<\/span>\n                                <span class=\"toha-bod__block-position\">Director of Business Operations<\/span>\n                                                    <\/span>\n                                            <\/div>\n                                                        <div class=\"col-sm-6 col-md-4 col-lg-3 d-flex toha-bod__block-wrapper\">\n                                                    <span class=\"toha-bod__block\">\n                                                        <img decoding=\"async\" src=\"https:\/\/tohauxiliary.ca\/wp-content\/uploads\/2023\/11\/Mary-268x300.jpg\" alt=\"Mary Jessup profile\" class=\"toha-bod__block-image\">\n                                <span class=\"toha-bod__block-name\">Mary Jessup<\/span>\n                                <span class=\"toha-bod__block-position\">Retail Operations Manager<\/span>\n                                                    <\/span>\n                                            <\/div>\n                                                        <div class=\"col-sm-6 col-md-4 col-lg-3 d-flex toha-bod__block-wrapper\">\n                                                    <span class=\"toha-bod__block\">\n                                                        <img decoding=\"async\" src=\"https:\/\/tohauxiliary.ca\/wp-content\/uploads\/2025\/06\/Photo-Coming-Soon-300x300.jpg\" alt=\"Diane Newton profile\" class=\"toha-bod__block-image\">\n                                <span class=\"toha-bod__block-name\">Diane Newton<\/span>\n                                <span class=\"toha-bod__block-position\">Supervisor, Gift Shops<\/span>\n                                                    <\/span>\n                                            <\/div>\n                                                        <div class=\"col-sm-6 col-md-4 col-lg-3 d-flex toha-bod__block-wrapper\">\n                                                    <span class=\"toha-bod__block\">\n                                                        <img decoding=\"async\" src=\"https:\/\/tohauxiliary.ca\/wp-content\/uploads\/2023\/11\/Laurence.jpg\" alt=\"Laurence Gillieson profile\" class=\"toha-bod__block-image\">\n                                <span class=\"toha-bod__block-name\">Laurence Gillieson<\/span>\n                                <span class=\"toha-bod__block-position\">Customer Service Associate<\/span>\n                                                    <\/span>\n                                            <\/div>\n                                                        <div class=\"col-sm-6 col-md-4 col-lg-3 d-flex toha-bod__block-wrapper\">\n                                                    <span class=\"toha-bod__block\">\n                                                        <img decoding=\"async\" src=\"https:\/\/tohauxiliary.ca\/wp-content\/uploads\/2023\/11\/Jackie-293x300.jpg\" alt=\"Jackie Sadehandi profile\" class=\"toha-bod__block-image\">\n                                <span class=\"toha-bod__block-name\">Jackie Sadehandi<\/span>\n                                <span class=\"toha-bod__block-position\">Customer Service Associate<\/span>\n                                                    <\/span>\n                                            <\/div>\n                                                        <div class=\"col-sm-6 col-md-4 col-lg-3 d-flex toha-bod__block-wrapper\">\n                                                    <span class=\"toha-bod__block\">\n                                                        <img decoding=\"async\" src=\"https:\/\/tohauxiliary.ca\/wp-content\/uploads\/2023\/11\/Sharon-292x300.jpg\" alt=\"Sharon Reid profile\" class=\"toha-bod__block-image\">\n                                <span class=\"toha-bod__block-name\">Sharon Reid<\/span>\n                                <span class=\"toha-bod__block-position\">Customer Service Associate<\/span>\n                                                    <\/span>\n                                            <\/div>\n                                                        <div class=\"col-sm-6 col-md-4 col-lg-3 d-flex toha-bod__block-wrapper\">\n                                                    <span class=\"toha-bod__block\">\n                                                        <img decoding=\"async\" src=\"https:\/\/tohauxiliary.ca\/wp-content\/uploads\/2025\/06\/Photo-Coming-Soon-300x300.jpg\" alt=\"Elisa Oseni profile\" class=\"toha-bod__block-image\">\n                                <span class=\"toha-bod__block-name\">Elisa Oseni<\/span>\n                                <span class=\"toha-bod__block-position\">Customer Service Associate<\/span>\n                                                    <\/span>\n                                            <\/div>\n                                                        <div class=\"col-sm-6 col-md-4 col-lg-3 d-flex toha-bod__block-wrapper\">\n                                                    <span class=\"toha-bod__block\">\n                                                        <img decoding=\"async\" src=\"https:\/\/tohauxiliary.ca\/wp-content\/uploads\/2023\/06\/Photo-Coming-Soon-300x300.jpg\" alt=\"Hua Lei profile\" class=\"toha-bod__block-image\">\n                                <span class=\"toha-bod__block-name\">Hua Lei<\/span>\n                                <span class=\"toha-bod__block-position\">Accounting Officer<\/span>\n                                                    <\/span>\n                                            <\/div>\n                            <\/div>\n        <\/div>\n    \n<\/div>\n    <\/div>\n<\/div>","protected":false},"excerpt":{"rendered":"<p>Qui sont les Auxiliaires de L\u2019H\u00f4pital d\u2019Ottawa? Les Auxiliaires de L\u2019H\u00f4pital d\u2019Ottawa sont un organisme sans but lucratif dirig\u00e9 par des b\u00e9n\u00e9voles et recueillant des fonds par l\u2019entremise de boutiques, de magasins de d\u00e9tail et d\u2019autres initiatives de financement et remettent leurs recettes \u00e0 l\u2019H\u00f4pital pour soutenir les soins aux patients et la communaut\u00e9 hospitali\u00e8re.<\/p>\n","protected":false},"author":1,"featured_media":0,"parent":0,"menu_order":0,"comment_status":"closed","ping_status":"closed","template":"","meta":{"_acf_changed":false,"footnotes":""},"class_list":["post-247","page","type-page","status-publish","hentry"],"acf":[],"_links":{"self":[{"href":"https:\/\/tohauxiliary.ca\/fr\/wp-json\/wp\/v2\/pages\/247","targetHints":{"allow":["GET"]}}],"collection":[{"href":"https:\/\/tohauxiliary.ca\/fr\/wp-json\/wp\/v2\/pages"}],"about":[{"href":"https:\/\/tohauxiliary.ca\/fr\/wp-json\/wp\/v2\/types\/page"}],"author":[{"embeddable":true,"href":"https:\/\/tohauxiliary.ca\/fr\/wp-json\/wp\/v2\/users\/1"}],"replies":[{"embeddable":true,"href":"https:\/\/tohauxiliary.ca\/fr\/wp-json\/wp\/v2\/comments?post=247"}],"version-history":[{"count":24,"href":"https:\/\/tohauxiliary.ca\/fr\/wp-json\/wp\/v2\/pages\/247\/revisions"}],"predecessor-version":[{"id":1152,"href":"https:\/\/tohauxiliary.ca\/fr\/wp-json\/wp\/v2\/pages\/247\/revisions\/1152"}],"wp:attachment":[{"href":"https:\/\/tohauxiliary.ca\/fr\/wp-json\/wp\/v2\/media?parent=247"}],"curies":[{"name":"wp","href":"https:\/\/api.w.org\/{rel}","templated":true}]}}