{"id":1093,"date":"2023-11-17T16:55:13","date_gmt":"2023-11-17T21:55:13","guid":{"rendered":"https:\/\/tohauxiliary.ca\/toha-toiletries-program\/"},"modified":"2025-06-12T10:34:28","modified_gmt":"2025-06-12T14:34:28","slug":"articles-de-toilette","status":"publish","type":"page","link":"https:\/\/tohauxiliary.ca\/fr\/articles-de-toilette\/","title":{"rendered":"Articles de toilette"},"content":{"rendered":"    <div data-aos-delay=\"500\" data-aos-duration=\"1000\" data-aos=\"fade\" style=\"background-image:url(https:\/\/tohauxiliary.ca\/wp-content\/uploads\/2023\/11\/toiletries.png);\" class=\"toha-hero alignfull wp-block-acf-toha-hero\">\n        <div class=\"container\">\n                            <div class=\"toha-hero__content\">\n                    <h1 class=\"toha-hero__heading\">Articles de toilette<\/h1>\n                <\/div>\n                \n                    <\/div>\n    <\/div>\n\n\n\n<div style=\"height:100px\" aria-hidden=\"true\" class=\"wp-block-spacer\"><\/div>\n\n\n\n<h2 class=\"wp-block-heading has-blue-color has-text-color\">Mission<\/h2>\n\n\n\n<p>Fournir un soutien essentiel \u00e0 des patients hospitalis\u00e9s qui sont dans le besoin. L\u2019objectif est de donner un coup de main en fournissant des articles de toilette essentiels pendant des moments difficiles \u00e0 des patients qui manquent de soutien familial ou de moyens financiers<\/p>\n\n\n\n<p>Les patients hospitalis\u00e9s qui n\u2019ont pas de soutien familial ou de ressources financi\u00e8res ont souvent de la difficult\u00e9 \u00e0 acc\u00e9der aux articles de toilette de base. Ces difficult\u00e9s peuvent ajouter au stress de l\u2019hospitalisation et avoir des r\u00e9percussions sur leur mieux-\u00eatre et leur r\u00e9tablissement.<\/p>\n\n\n\n<h2 class=\"wp-block-heading has-blue-color has-text-color\">Services<\/h2>\n\n\n\n<p>Nous offrons des trousses de toilette contenant des articles comme du savon, du shampoing, des brosses \u00e0 dents et des d\u00e9odorants aux patients hospitalis\u00e9s qui n\u2019en ont pas.<\/p>\n\n\n\n<h2 class=\"wp-block-heading has-blue-color has-text-color\">Exemples<\/h2>\n\n\n\n<p><strong>Pr\u00e9server la dignit\u00e9 et le confort&nbsp;:<\/strong> Pour un patient hospitalis\u00e9, l\u2019acc\u00e8s \u00e0 des articles de toilette n\u2019est pas seulement une question d\u2019hygi\u00e8ne, mais aussi de dignit\u00e9 et d\u2019estime de soi.<\/p>\n\n\n\n<p><strong>Renforcer la solidarit\u00e9 dans la collectivit\u00e9&nbsp;:<\/strong> Notre programme t\u00e9moigne de la puissance du soutien communautaire en montrant aux personnes dans le besoin qu\u2019elles ne sont pas seules dans les moments difficiles.<\/p>\n\n\n\n<hr class=\"wp-block-separator has-alpha-channel-opacity\"\/>\n\n\n\n<h2 class=\"wp-block-heading has-blue-color has-text-color\"><strong>Vous souhaitez soutenir notre travail?<\/strong><\/h2>\n\n\n\n<p>Lors de moments de vuln\u00e9rabilit\u00e9, le soutien de la collectivit\u00e9 peut changer des vies. Le programme d\u2019articles de toilette repose sur cette conviction&nbsp;: ensemble, nous pouvons apporter r\u00e9confort et dignit\u00e9 aux patients hospitalis\u00e9s qui sont confront\u00e9s \u00e0 des difficult\u00e9s.<\/p>\n\n\n\n<h2 class=\"wp-block-heading has-blue-color has-text-color\"><strong>Vous pouvez nous aider!<\/strong><\/h2>\n\n\n\n<p><strong>Verser une contribution financi\u00e8re&nbsp;:<\/strong> Les dons en esp\u00e8ces sont essentiels au maintien de notre programme parce qu\u2019ils nous permettent d\u2019acheter des fournitures en gros et de r\u00e9pondre \u00e0 des besoins sp\u00e9cifiques.<\/p>\n\n\n\n<p><strong>Passer le mot&nbsp;:<\/strong> Vous pouvez nous aider \u00e0 rejoindre davantage de personnes en faisant conna\u00eetre notre mission au sein de vos r\u00e9seaux. La sensibilisation est la cl\u00e9 de notre croissance et de notre capacit\u00e9 \u00e0 aider davantage de personnes.<\/p>\n\n\n\n<p>Chaque don, petit ou grand, contribue \u00e0 une plus vaste vague d\u2019espoir, de soutien et de solidarit\u00e9 communautaire. Avec votre aide, nous pouvons aider des patients hospitalis\u00e9s \u00e0 conserver leur dignit\u00e9 et leur respect personnel.<\/p>\n\n\n\n<p>Nous vous remercions d\u2019envisager de contribuer \u00e0 notre programme.<\/p>\n\n\n\n<p><\/p>\n\n\n\n<div style=\"height:30px\" aria-hidden=\"true\" class=\"wp-block-spacer\"><\/div>\n\n\n<p><script id=\"ch_cdn_embed\" type=\"text\/javascript\" src=\"https:\/\/www.canadahelps.org\/secure\/js\/cdf_embed.2.js\" charSet=\"utf-8\" data-language=\"fr\" data-page-id=\"95714\" data-root-url=\"https:\/\/www.canadahelps.org\" data-formtype=\"0\" data-cfasync=\"false\"><\/script><\/p>","protected":false},"excerpt":{"rendered":"<p>Mission Fournir un soutien essentiel \u00e0 des patients hospitalis\u00e9s qui sont dans le besoin. L\u2019objectif est de donner un coup de main en fournissant des articles de toilette essentiels pendant des moments difficiles \u00e0 des patients qui manquent de soutien familial ou de moyens financiers Les patients hospitalis\u00e9s qui n\u2019ont pas de soutien familial ou<\/p>\n","protected":false},"author":4,"featured_media":0,"parent":0,"menu_order":0,"comment_status":"closed","ping_status":"closed","template":"","meta":{"_acf_changed":false,"footnotes":""},"class_list":["post-1093","page","type-page","status-publish","hentry"],"acf":[],"_links":{"self":[{"href":"https:\/\/tohauxiliary.ca\/fr\/wp-json\/wp\/v2\/pages\/1093","targetHints":{"allow":["GET"]}}],"collection":[{"href":"https:\/\/tohauxiliary.ca\/fr\/wp-json\/wp\/v2\/pages"}],"about":[{"href":"https:\/\/tohauxiliary.ca\/fr\/wp-json\/wp\/v2\/types\/page"}],"author":[{"embeddable":true,"href":"https:\/\/tohauxiliary.ca\/fr\/wp-json\/wp\/v2\/users\/4"}],"replies":[{"embeddable":true,"href":"https:\/\/tohauxiliary.ca\/fr\/wp-json\/wp\/v2\/comments?post=1093"}],"version-history":[{"count":2,"href":"https:\/\/tohauxiliary.ca\/fr\/wp-json\/wp\/v2\/pages\/1093\/revisions"}],"predecessor-version":[{"id":1100,"href":"https:\/\/tohauxiliary.ca\/fr\/wp-json\/wp\/v2\/pages\/1093\/revisions\/1100"}],"wp:attachment":[{"href":"https:\/\/tohauxiliary.ca\/fr\/wp-json\/wp\/v2\/media?parent=1093"}],"curies":[{"name":"wp","href":"https:\/\/api.w.org\/{rel}","templated":true}]}}