{"id":1090,"date":"2023-11-17T16:06:18","date_gmt":"2023-11-17T21:06:18","guid":{"rendered":"https:\/\/tohauxiliary.ca\/toha-layette-program\/"},"modified":"2025-06-12T10:33:40","modified_gmt":"2025-06-12T14:33:40","slug":"articles-de-layette","status":"publish","type":"page","link":"https:\/\/tohauxiliary.ca\/fr\/articles-de-layette\/","title":{"rendered":"Articles de layette"},"content":{"rendered":"    <div data-aos-delay=\"500\" data-aos-duration=\"1000\" data-aos=\"fade\" style=\"background-image:url(https:\/\/tohauxiliary.ca\/wp-content\/uploads\/2023\/11\/layette.png);\" class=\"toha-hero alignfull wp-block-acf-toha-hero\">\n        <div class=\"container\">\n                            <div class=\"toha-hero__content\">\n                    <h1 class=\"toha-hero__heading\">Articles de layette<\/h1>\n                <\/div>\n                \n                    <\/div>\n    <\/div>\n\n\n\n<div style=\"height:100px\" aria-hidden=\"true\" class=\"wp-block-spacer\"><\/div>\n\n\n\n<blockquote class=\"wp-block-quote is-layout-flow wp-block-quote-is-layout-flow\">\n<p><\/p>\n<cite><em>\u00ab&nbsp;Ce programme a touch\u00e9 la vie de nombreuses familles qui ont accouch\u00e9 \u00e0 L\u2019H\u00f4pital d\u2019Ottawa ces 14&nbsp;derni\u00e8res ann\u00e9es. Depuis 2009, il permet de fournir des articles de premi\u00e8re n\u00e9cessit\u00e9 pour les nouveau-n\u00e9s&nbsp;: cache couches, dormeuses, couvertures pour b\u00e9b\u00e9, d\u00e9barbouillettes et autres articles de premi\u00e8re n\u00e9cessit\u00e9.<\/em><br><br><em>Chaque ann\u00e9e, l\u2019augmentation du co\u00fbt de la vie a des r\u00e9percussions sur de nombreuses personnes, notamment des parents c\u00e9libataires, des nouveaux arrivants, des personnes au revenu inf\u00e9rieur au minimum vital et des familles qui ont du mal \u00e0 r\u00e9pondre \u00e0 leurs besoins fondamentaux. Les articles de layette permettent aux familles d\u2019avoir la joie de pouvoir offrir quelque chose de nouveau \u00e0 leur b\u00e9b\u00e9. La gratitude exprim\u00e9e par ces parents \u00e0 la r\u00e9ception des articles fait chaud au c\u0153ur.<\/em><br><br><em>Gr\u00e2ce au soutien continu de ce programme, le Service social sera en mesure d\u2019offrir des articles de layette aux familles dans le besoin et de faire une diff\u00e9rence positive dans leur vie au moment o\u00f9 elles accueillent leur nouveau-n\u00e9.&nbsp;\u00bb<\/em><\/cite><\/blockquote>\n\n\n\n<p><em>Karen Dryden-Kiser, travailleuse sociale&nbsp;<\/em><\/p>\n\n\n\n<hr class=\"wp-block-separator has-alpha-channel-opacity\"\/>\n\n\n\n<h2 class=\"wp-block-heading has-blue-color has-text-color\">Mission<\/h2>\n\n\n\n<p>Fournir un soutien essentiel \u00e0 des m\u00e8res et \u00e0 des patients hospitalis\u00e9s qui sont dans le besoin. Notre objectif est de tendre une main secourable dans des moments particuli\u00e8rement difficiles pour offrir des articles vitaux pour les soins aux nouveau-n\u00e9s \u00e0 des personnes qui manquent de soutien familial ou de moyens financiers.<\/p>\n\n\n\n<p>L\u2019arriv\u00e9e d\u2019un b\u00e9b\u00e9 est une p\u00e9riode \u00e0 la fois joyeuse et difficile, plus particuli\u00e8rement pour une m\u00e8re confront\u00e9e \u00e0 des difficult\u00e9s financi\u00e8res. La joie de rentrer \u00e0 la maison est assombrie par la prise de conscience qu\u2019elles manquent d\u2019articles de base pour retourner chez elles.<\/p>\n\n\n\n<h2 class=\"wp-block-heading has-blue-color has-text-color\">Services<\/h2>\n\n\n\n<p>Nous fournissons des trousses d\u2019articles de layette aux m\u00e8res qui en ont besoin. Elles comprennent des articles essentiels pour les nouveau-n\u00e9s, comme des v\u00eatements, des couvertures et des produits de soins de base.<\/p>\n\n\n\n<h2 class=\"wp-block-heading has-blue-color has-text-color\">Exemples<\/h2>\n\n\n\n<p><strong>Faciliter la transition&nbsp;: <\/strong>Nous fournissons aux m\u00e8res des articles essentiels pour leur nouveau-n\u00e9 afin d\u2019all\u00e9ger leur charge financi\u00e8re, ce qui leur permet de se concentrer sur la sant\u00e9 et le bien-\u00eatre de leur b\u00e9b\u00e9.<\/p>\n\n\n\n<p><strong>Renforcer la solidarit\u00e9 dans la collectivit\u00e9&nbsp;:<\/strong> Notre programme t\u00e9moigne de la puissance du soutien communautaire en montrant aux personnes dans le besoin qu\u2019elles ne sont pas seules dans les moments difficiles.<\/p>\n\n\n\n<hr class=\"wp-block-separator has-alpha-channel-opacity\"\/>\n\n\n\n<h2 class=\"wp-block-heading has-blue-color has-text-color\"><strong>Vous souhaitez soutenir notre travail?<\/strong><\/h2>\n\n\n\n<p>Lors de nouveaux d\u00e9parts ou de moments de vuln\u00e9rabilit\u00e9, le soutien de la collectivit\u00e9 peut changer des vies. Le programme d\u2019articles de layette repose sur cette conviction&nbsp;: ensemble, nous pouvons apporter r\u00e9confort et dignit\u00e9 aux m\u00e8res confront\u00e9es \u00e0 des difficult\u00e9s. Notre objectif est d\u2019\u00e9largir le programme afin de rejoindre davantage de m\u00e8res et de b\u00e9b\u00e9s et d\u2019apporter davantage d\u2019aide \u00e0 ceux qui en ont le plus besoin. Vos contributions peuvent grandement am\u00e9liorer la vie des personnes que nous servons.<\/p>\n\n\n\n<h2 class=\"wp-block-heading has-blue-color has-text-color\"><strong>Vous pouvez nous aider!<\/strong><\/h2>\n\n\n\n<p><strong>Verser une contribution financi\u00e8re&nbsp;:<\/strong> Les dons en esp\u00e8ces sont essentiels au maintien de notre programme parce qu\u2019ils nous permettent d\u2019acheter des fournitures en gros et de r\u00e9pondre \u00e0 des besoins sp\u00e9cifiques.<\/p>\n\n\n\n<p><strong>Passer le mot&nbsp;:<\/strong> Vous pouvez nous aider \u00e0 joindre davantage de personnes en faisant conna\u00eetre notre mission au sein de vos r\u00e9seaux. La sensibilisation est la cl\u00e9 de notre croissance et de notre capacit\u00e9 \u00e0 aider davantage de personnes.<\/p>\n\n\n\n<p>Chaque don, petit ou grand, contribue \u00e0 une plus vaste vague d\u2019espoir, de soutien et de solidarit\u00e9 communautaire. Avec votre aide, aider des patients hospitalis\u00e9s \u00e0 conserver leur dignit\u00e9 et leur respect personnel.<\/p>\n\n\n\n<p>Nous vous remercions d\u2019envisager de contribuer \u00e0 notre programme.<\/p>\n\n\n<p><script id=\"ch_cdn_embed\" type=\"text\/javascript\" src=\"https:\/\/www.canadahelps.org\/secure\/js\/cdf_embed.2.js\" charSet=\"utf-8\" data-language=\"fr\" data-page-id=\"95673\" data-root-url=\"https:\/\/www.canadahelps.org\" data-formtype=\"0\" data-cfasync=\"false\"><\/script><\/p>","protected":false},"excerpt":{"rendered":"<p>\u00ab&nbsp;Ce programme a touch\u00e9 la vie de nombreuses familles qui ont accouch\u00e9 \u00e0 L\u2019H\u00f4pital d\u2019Ottawa ces 14&nbsp;derni\u00e8res ann\u00e9es. Depuis 2009, il permet de fournir des articles de premi\u00e8re n\u00e9cessit\u00e9 pour les nouveau-n\u00e9s&nbsp;: cache couches, dormeuses, couvertures pour b\u00e9b\u00e9, d\u00e9barbouillettes et autres articles de premi\u00e8re n\u00e9cessit\u00e9. Chaque ann\u00e9e, l\u2019augmentation du co\u00fbt de la vie a des<\/p>\n","protected":false},"author":4,"featured_media":0,"parent":0,"menu_order":0,"comment_status":"closed","ping_status":"closed","template":"","meta":{"_acf_changed":false,"footnotes":""},"class_list":["post-1090","page","type-page","status-publish","hentry"],"acf":[],"_links":{"self":[{"href":"https:\/\/tohauxiliary.ca\/fr\/wp-json\/wp\/v2\/pages\/1090","targetHints":{"allow":["GET"]}}],"collection":[{"href":"https:\/\/tohauxiliary.ca\/fr\/wp-json\/wp\/v2\/pages"}],"about":[{"href":"https:\/\/tohauxiliary.ca\/fr\/wp-json\/wp\/v2\/types\/page"}],"author":[{"embeddable":true,"href":"https:\/\/tohauxiliary.ca\/fr\/wp-json\/wp\/v2\/users\/4"}],"replies":[{"embeddable":true,"href":"https:\/\/tohauxiliary.ca\/fr\/wp-json\/wp\/v2\/comments?post=1090"}],"version-history":[{"count":2,"href":"https:\/\/tohauxiliary.ca\/fr\/wp-json\/wp\/v2\/pages\/1090\/revisions"}],"predecessor-version":[{"id":1099,"href":"https:\/\/tohauxiliary.ca\/fr\/wp-json\/wp\/v2\/pages\/1090\/revisions\/1099"}],"wp:attachment":[{"href":"https:\/\/tohauxiliary.ca\/fr\/wp-json\/wp\/v2\/media?parent=1090"}],"curies":[{"name":"wp","href":"https:\/\/api.w.org\/{rel}","templated":true}]}}