{"id":1087,"date":"2023-11-20T08:17:17","date_gmt":"2023-11-20T13:17:17","guid":{"rendered":"https:\/\/tohauxiliary.ca\/tohas-clothing-cupboard\/"},"modified":"2025-06-12T10:32:46","modified_gmt":"2025-06-12T14:32:46","slug":"armoire-de-depannage","status":"publish","type":"page","link":"https:\/\/tohauxiliary.ca\/fr\/armoire-de-depannage\/","title":{"rendered":"Armoire de d\u00e9pannage"},"content":{"rendered":"    <div data-aos-delay=\"500\" data-aos-duration=\"1000\" data-aos=\"fade\" style=\"background-image:url(https:\/\/tohauxiliary.ca\/wp-content\/uploads\/2023\/11\/clothingcupboard.png);\" class=\"toha-hero alignfull wp-block-acf-toha-hero\">\n        <div class=\"container\">\n                            <div class=\"toha-hero__content\">\n                    <h1 class=\"toha-hero__heading\">Armoire de d\u00e9pannage<\/h1>\n                <\/div>\n                \n                    <\/div>\n    <\/div>\n\n\n\n<div style=\"height:100px\" aria-hidden=\"true\" class=\"wp-block-spacer\"><\/div>\n\n\n\n<blockquote class=\"wp-block-quote is-layout-flow wp-block-quote-is-layout-flow\">\n<p><\/p>\n<cite><em>\u00ab&nbsp;Les ressources vestimentaires fournies par les Auxiliaires sont essentielles pour pr\u00e9server la dignit\u00e9 de patients, faciliter le processus de planification de leur sortie et favoriser leur cheminement dans l\u2019h\u00f4pital. Sans acc\u00e8s \u00e0 cette armoire de v\u00eatements, des patients pourraient quitter l\u2019h\u00f4pital en blouse, en pantalon ou en couverture d\u2019h\u00f4pital.&nbsp;\u00bb<\/em><br><br><em>Jette Haswell, travailleuse sociale, Services psychosociaux<\/em><\/cite><\/blockquote>\n\n\n\n<hr class=\"wp-block-separator has-alpha-channel-opacity\"\/>\n\n\n\n<h2 class=\"wp-block-heading has-blue-color has-text-color\">Mission<\/h2>\n\n\n\n<p>Veiller \u00e0 ce que les patients en situation de d\u00e9tresse re\u00e7oivent des v\u00eatements appropri\u00e9s afin de faciliter leur d\u00e9part de l\u2019h\u00f4pital dans la dignit\u00e9. Notre objectif est de pr\u00e9server la dignit\u00e9 et le confort des personnes qui se trouvent dans une situation vuln\u00e9rable en raison de circonstances impr\u00e9vues, par exemple un accident, une urgence ou des difficult\u00e9s financi\u00e8res.<\/p>\n\n\n\n<p>Des patients perdent bien souvent l\u2019acc\u00e8s \u00e0 leurs effets personnels ou se retrouvent sans v\u00eatements appropri\u00e9s en raison des circonstances qui ont men\u00e9 \u00e0 leur admission. Le manque de v\u00eatements appropri\u00e9s peut retarder leur sortie, ce qui prolongerait leur s\u00e9jour et augmenterait la pression \u00e9motionnelle et financi\u00e8re sur les patients et le syst\u00e8me de sant\u00e9.<\/p>\n\n\n\n<h2 class=\"wp-block-heading has-blue-color has-text-color\">Services<\/h2>\n\n\n\n<p>Nous gardons bien remplie une armoire de v\u00eatements neufs, tri\u00e9s et de diff\u00e9rentes tailles et styles pour r\u00e9pondre \u00e0 diff\u00e9rents besoins. L\u2019objectif est de fournir des v\u00eatements, mais aussi de redonner un sentiment d\u2019identit\u00e9 et de normalit\u00e9 \u00e0 des personnes qui ont v\u00e9cu des exp\u00e9riences stressantes et parfois traumatisantes.<\/p>\n\n\n\n<h2 class=\"wp-block-heading has-blue-color has-text-color\">Exemples<\/h2>\n\n\n\n<p><strong>Quitter en temps opportun&nbsp;:<\/strong> Nous facilitons le processus de sortie en fournissant des v\u00eatements aux patients pour leur permettre de quitter l\u2019H\u00f4pital d\u00e8s qu\u2019ils ont re\u00e7u l\u2019autorisation m\u00e9dicale de le&nbsp;faire.<\/p>\n\n\n\n<p><strong>Quitter dans la dignit\u00e9 et le confort&nbsp;: <\/strong>Les v\u00eatements sont des \u00e9l\u00e9ments fondamentaux de l\u2019identit\u00e9 et de l\u2019estime de soi. Notre service veille \u00e0 ce que les patients puissent partir dans le confort et la&nbsp;dignit\u00e9.<\/p>\n\n\n\n<p><strong>Soutenir des populations vuln\u00e9rables&nbsp;:<\/strong> Nous accordons une attention particuli\u00e8re aux besoins des personnes les plus vuln\u00e9rables, notamment des personnes \u00e0 faible revenu, des a\u00een\u00e9s et des personnes sans r\u00e9seau de soutien.<\/p>\n\n\n\n<hr class=\"wp-block-separator has-alpha-channel-opacity\"\/>\n\n\n\n<h2 class=\"wp-block-heading has-blue-color has-text-color\"><strong>Vous souhaitez soutenir notre travail?<\/strong><\/h2>\n\n\n\n<p>Sur le chemin de la gu\u00e9rison et du r\u00e9tablissement, chaque petit pas compte et, parfois, le plus petit pas peut \u00eatre le simple geste de porter ses propres v\u00eatements. Nous croyons au pouvoir de ces petits pas pour redonner dignit\u00e9 et normalit\u00e9 aux personnes en situation de vuln\u00e9rabilit\u00e9.<\/p>\n\n\n\n<h2 class=\"wp-block-heading has-blue-color has-text-color\"><strong>Vous pouvez nous aider!<\/strong><\/h2>\n\n\n\n<p><strong>Verser une contribution financi\u00e8re&nbsp;:<\/strong> Les dons en esp\u00e8ces sont essentiels au maintien de notre programme parce qu\u2019ils nous permettent d\u2019acheter des fournitures en gros et de r\u00e9pondre \u00e0 des besoins sp\u00e9cifiques.<\/p>\n\n\n\n<p><strong>Passer le mot&nbsp;:<\/strong> Vous pouvez nous aider \u00e0 joindre davantage de personnes en faisant conna\u00eetre notre mission au sein de vos r\u00e9seaux. La sensibilisation est la cl\u00e9 de notre croissance et de notre capacit\u00e9 \u00e0 aider davantage de personnes.<\/p>\n\n\n\n<p>Chaque don, petit ou grand, contribue \u00e0 une plus vaste vague d\u2019espoir, de soutien et de solidarit\u00e9 communautaire. Avec votre aide, nous pouvons aider des patients hospitalis\u00e9s \u00e0 conserver leur dignit\u00e9 et leur respect personnel.<\/p>\n\n\n\n<p>Nous vous remercions d\u2019envisager de contribuer \u00e0 notre programme.<\/p>\n\n\n\n<div style=\"height:30px\" aria-hidden=\"true\" class=\"wp-block-spacer\"><\/div>\n\n\n<p><script id=\"ch_cdn_embed\" type=\"text\/javascript\" src=\"https:\/\/www.canadahelps.org\/secure\/js\/cdf_embed.2.js\" charSet=\"utf-8\" data-language=\"fr\" data-page-id=\"95660\" data-root-url=\"https:\/\/www.canadahelps.org\" data-formtype=\"0\" data-cfasync=\"false\"><\/script><\/p>\n\n\n<figure class=\"wp-block-pullquote\"><blockquote><p><\/p><\/blockquote><\/figure>\n","protected":false},"excerpt":{"rendered":"<p>\u00ab&nbsp;Les ressources vestimentaires fournies par les Auxiliaires sont essentielles pour pr\u00e9server la dignit\u00e9 de patients, faciliter le processus de planification de leur sortie et favoriser leur cheminement dans l\u2019h\u00f4pital. Sans acc\u00e8s \u00e0 cette armoire de v\u00eatements, des patients pourraient quitter l\u2019h\u00f4pital en blouse, en pantalon ou en couverture d\u2019h\u00f4pital.&nbsp;\u00bb Jette Haswell, travailleuse sociale, Services psychosociaux<\/p>\n","protected":false},"author":4,"featured_media":0,"parent":0,"menu_order":0,"comment_status":"closed","ping_status":"closed","template":"","meta":{"_acf_changed":false,"footnotes":""},"class_list":["post-1087","page","type-page","status-publish","hentry"],"acf":[],"_links":{"self":[{"href":"https:\/\/tohauxiliary.ca\/fr\/wp-json\/wp\/v2\/pages\/1087","targetHints":{"allow":["GET"]}}],"collection":[{"href":"https:\/\/tohauxiliary.ca\/fr\/wp-json\/wp\/v2\/pages"}],"about":[{"href":"https:\/\/tohauxiliary.ca\/fr\/wp-json\/wp\/v2\/types\/page"}],"author":[{"embeddable":true,"href":"https:\/\/tohauxiliary.ca\/fr\/wp-json\/wp\/v2\/users\/4"}],"replies":[{"embeddable":true,"href":"https:\/\/tohauxiliary.ca\/fr\/wp-json\/wp\/v2\/comments?post=1087"}],"version-history":[{"count":2,"href":"https:\/\/tohauxiliary.ca\/fr\/wp-json\/wp\/v2\/pages\/1087\/revisions"}],"predecessor-version":[{"id":1098,"href":"https:\/\/tohauxiliary.ca\/fr\/wp-json\/wp\/v2\/pages\/1087\/revisions\/1098"}],"wp:attachment":[{"href":"https:\/\/tohauxiliary.ca\/fr\/wp-json\/wp\/v2\/media?parent=1087"}],"curies":[{"name":"wp","href":"https:\/\/api.w.org\/{rel}","templated":true}]}}