{"id":1083,"date":"2025-05-08T10:19:44","date_gmt":"2025-05-08T14:19:44","guid":{"rendered":"https:\/\/tohauxiliary.ca\/toha-rehabilitation-centre-patient-support\/"},"modified":"2025-06-12T10:31:24","modified_gmt":"2025-06-12T14:31:24","slug":"soutien-des-patients-du-centre-de-readaptation","status":"publish","type":"page","link":"https:\/\/tohauxiliary.ca\/fr\/soutien-des-patients-du-centre-de-readaptation\/","title":{"rendered":"Soutien des patients du centre de r\u00e9adaptation"},"content":{"rendered":"    <div data-aos-delay=\"500\" data-aos-duration=\"1000\" data-aos=\"fade\" style=\"background-image:url(https:\/\/tohauxiliary.ca\/wp-content\/uploads\/2025\/05\/Rehabilitation-Support-1366x501-2.jpg);\" class=\"toha-hero alignfull wp-block-acf-toha-hero\">\n        <div class=\"container\">\n                            <div class=\"toha-hero__content\">\n                    <h1 class=\"toha-hero__heading\">Soutien des patients du centre de r\u00e9adaptation<\/h1>\n                <\/div>\n                \n                    <\/div>\n    <\/div>\n\n\n\n<div style=\"height:100px\" aria-hidden=\"true\" class=\"wp-block-spacer\"><\/div>\n\n\n\n<h2 class=\"wp-block-heading has-blue-color has-text-color\">Mission<\/h2>\n\n\n\n<p>R\u00e9pondre \u00e0 des demandes cliniques urgentes de patients du Centre de r\u00e9adaptation de l\u2019H\u00f4pital, notamment par un financement de dernier recours et un soutien psychosocial. L\u2019objectif est d\u2019am\u00e9liorer la qualit\u00e9 de vie et le r\u00e9tablissement des patients de l\u2019admission au Centre de r\u00e9adaptation jusqu\u2019\u00e0 la sortie.<\/p>\n\n\n\n<h2 class=\"wp-block-heading has-blue-color has-text-color\"><strong>Services<\/strong><\/h2>\n\n\n\n<p>Nous offrons une aide financi\u00e8re et en nature \u00e0 des patients du Centre de r\u00e9adaptation. Nous pouvons r\u00e9pondre \u00e0 des demandes cliniques urgentes de r\u00e9adaptation, soutenir des programmes th\u00e9rapeutiques r\u00e9cr\u00e9atifs et psychosociaux avec des professionnels du Centre, ainsi que consulter ces derniers sur les besoins des patients en mati\u00e8re de sant\u00e9. Nous collaborons avec des cliniciens et la direction du Centre afin d\u2019examiner r\u00e9guli\u00e8rement les domaines o\u00f9 nous pouvons apporter du&nbsp;soutien.<\/p>\n\n\n\n<h2 class=\"wp-block-heading has-blue-color has-text-color\"><strong>Exemples<\/strong><\/h2>\n\n\n\n<p><strong>Am\u00e9liorer la qualit\u00e9 de vie&nbsp;:<\/strong> Nous finan\u00e7ons des demandes cliniques urgentes qui am\u00e9liorent les probabilit\u00e9s de r\u00e9tablissement des patients.<\/p>\n\n\n\n<p><strong>Soutenir les besoins mentaux et physiques&nbsp;:<\/strong> Gr\u00e2ce \u00e0 nos programmes r\u00e9cr\u00e9atifs et psychosociaux, y compris aux sorties et aux activit\u00e9s organis\u00e9es par le Centre, nous favorisons le mieux\u2011\u00eatre des patients hospitalis\u00e9s.<\/p>\n\n\n\n<p><strong>Soutenir des populations vuln\u00e9rables&nbsp;:<\/strong> Nous aidons des groupes vuln\u00e9rables, notamment les personnes \u00e0 faible revenu, les personnes sans soutien psychosocial et les a\u00een\u00e9s.&nbsp;<\/p>\n\n\n\n<hr class=\"wp-block-separator has-alpha-channel-opacity\"\/>\n\n\n\n<h2 class=\"wp-block-heading has-blue-color has-text-color\"><strong>Vous souhaitez soutenir notre travail?<\/strong><\/h2>\n\n\n\n<p>De nombreux patients en r\u00e9adaptation ont besoin d\u2019une aide urgente. Nous pensons qu\u2019avec votre soutien, nous pouvons am\u00e9liorer la qualit\u00e9 de vie de ceux qui se remettent d\u2019un accident, d\u2019un traumatisme, d\u2019une urgence ou de tout autre \u00e9v\u00e9nement qui peut survenir dans la vie.<\/p>\n\n\n\n<p>Sur le chemin de la gu\u00e9rison, chaque petit pas compte et, parfois, le plus petit pas peut avoir une incidence consid\u00e9rable. Nous croyons au pouvoir de ces petits pas pour redonner dignit\u00e9 et normalit\u00e9 aux personnes en situation de vuln\u00e9rabilit\u00e9.<\/p>\n\n\n\n<h2 class=\"wp-block-heading has-blue-color has-text-color\"><strong>Vous pouvez nous aider!<\/strong><\/h2>\n\n\n\n<p><strong>Verser une contribution financi\u00e8re&nbsp;:<\/strong> Les dons en esp\u00e8ces sont essentiels au maintien de notre programme parce qu\u2019ils nous permettent d\u2019acheter des fournitures en gros et de r\u00e9pondre \u00e0 des besoins sp\u00e9cifiques.<\/p>\n\n\n\n<p><strong>Passer le mot&nbsp;:<\/strong> Vous pouvez nous aider \u00e0 rejoindre davantage de personnes en faisant conna\u00eetre notre mission au sein de vos r\u00e9seaux. La sensibilisation est la cl\u00e9 de notre croissance et de notre capacit\u00e9 \u00e0 aider davantage de personnes.<\/p>\n\n\n\n<p>Chaque don, petit ou grand, contribue \u00e0 une plus vaste vague d\u2019espoir, de soutien et de solidarit\u00e9 communautaire. Avec votre aide, nous pouvons aider des patients hospitalis\u00e9s \u00e0 conserver leur dignit\u00e9 et leur respect personnel.<\/p>\n\n\n\n<p>Nous vous remercions d\u2019envisager de contribuer \u00e0 notre programme.<\/p>\n\n\n\n<div style=\"height:30px\" aria-hidden=\"true\" class=\"wp-block-spacer\"><\/div>\n\n\n<p><script id=\"ch_cdn_embed\" type=\"text\/javascript\" src=\"https:\/\/www.canadahelps.org\/secure\/js\/cdf_embed.2.js\" charSet=\"utf-8\" data-language=\"fr\" data-page-id=\"95660\" data-root-url=\"https:\/\/www.canadahelps.org\" data-formtype=\"0\" data-cfasync=\"false\"><\/script><\/p>\n\n\n<figure class=\"wp-block-pullquote\"><blockquote><p><\/p><\/blockquote><\/figure>\n","protected":false},"excerpt":{"rendered":"<p>Mission R\u00e9pondre \u00e0 des demandes cliniques urgentes de patients du Centre de r\u00e9adaptation de l\u2019H\u00f4pital, notamment par un financement de dernier recours et un soutien psychosocial. L\u2019objectif est d\u2019am\u00e9liorer la qualit\u00e9 de vie et le r\u00e9tablissement des patients de l\u2019admission au Centre de r\u00e9adaptation jusqu\u2019\u00e0 la sortie. Services Nous offrons une aide financi\u00e8re et en<\/p>\n","protected":false},"author":2,"featured_media":0,"parent":0,"menu_order":0,"comment_status":"closed","ping_status":"closed","template":"","meta":{"_acf_changed":false,"footnotes":""},"class_list":["post-1083","page","type-page","status-publish","hentry"],"acf":[],"_links":{"self":[{"href":"https:\/\/tohauxiliary.ca\/fr\/wp-json\/wp\/v2\/pages\/1083","targetHints":{"allow":["GET"]}}],"collection":[{"href":"https:\/\/tohauxiliary.ca\/fr\/wp-json\/wp\/v2\/pages"}],"about":[{"href":"https:\/\/tohauxiliary.ca\/fr\/wp-json\/wp\/v2\/types\/page"}],"author":[{"embeddable":true,"href":"https:\/\/tohauxiliary.ca\/fr\/wp-json\/wp\/v2\/users\/2"}],"replies":[{"embeddable":true,"href":"https:\/\/tohauxiliary.ca\/fr\/wp-json\/wp\/v2\/comments?post=1083"}],"version-history":[{"count":2,"href":"https:\/\/tohauxiliary.ca\/fr\/wp-json\/wp\/v2\/pages\/1083\/revisions"}],"predecessor-version":[{"id":1097,"href":"https:\/\/tohauxiliary.ca\/fr\/wp-json\/wp\/v2\/pages\/1083\/revisions\/1097"}],"wp:attachment":[{"href":"https:\/\/tohauxiliary.ca\/fr\/wp-json\/wp\/v2\/media?parent=1083"}],"curies":[{"name":"wp","href":"https:\/\/api.w.org\/{rel}","templated":true}]}}